{"id":2331,"date":"2026-03-19T10:40:07","date_gmt":"2026-03-19T07:40:07","guid":{"rendered":"https:\/\/mhurmetcetinel.com\/index.php\/anasayfa-2\/"},"modified":"2026-03-19T10:40:07","modified_gmt":"2026-03-19T07:40:07","slug":"anasayfa-2","status":"publish","type":"page","link":"https:\/\/mhurmetcetinel.com\/index.php\/anasayfa-2\/","title":{"rendered":"Ana Sayfa"},"content":{"rendered":"\n<h1 id=\"dr-ogr-uyesi-makbule-hurmet-cetinel\" class=\"has-text-align-center wp-block-heading\">Dr. \u00d6\u011fr. \u00dcyesi Makbule H\u00fcrmet \u00c7etinel<\/h1>\n\n\n<p class=\"has-text-align-center\"><strong>U\u015fak \u00dcniversitesi<\/strong> \u00b7 Uygulamal\u0131 Bilimler Fak\u00fcltesi \u00b7 Lojistik Y\u00f6netimi B\u00f6l\u00fcm\u00fc<\/p>\n\n\n<p class=\"has-text-align-center\"><em>\u00d6rg\u00fctsel Davran\u0131\u015f \u00b7 \u0130hbarc\u0131l\u0131k \u00b7 \u00d6rg\u00fctsel Adalet \u00b7 S\u00fcrd\u00fcr\u00fclebilirlik \u00b7 Giri\u015fimcilik<\/em><\/p>\n\n\n<div class=\"wp-block-buttons is-content-justification-center is-layout-flex wp-container-core-buttons-is-layout-16018d1d wp-block-buttons-is-layout-flex\">\n<div class=\"wp-block-button\"><a class=\"wp-block-button__link\" href=\"\/index.php\/hakkimda\/\">Hakk\u0131mda<\/a><\/div>\n<div class=\"wp-block-button is-style-outline is-style-outline--1\"><a class=\"wp-block-button__link\" href=\"\/index.php\/makaleler\/\">Yay\u0131nlar\u0131m<\/a><\/div>\n<\/div>\n\n<hr class=\"wp-block-separator\"\/>\n\n<h2 id=\"hakkimda\" class=\"has-text-align-center wp-block-heading\">Hakk\u0131mda<\/h2>\n\n\n<div class=\"wp-block-columns are-vertically-aligned-center is-layout-flex wp-container-core-columns-is-layout-9d6595d7 wp-block-columns-is-layout-flex\">\n\n<div class=\"wp-block-column is-layout-flow wp-block-column-is-layout-flow\" style=\"flex-basis:60%\">\n\n<p>U\u015fak \u00dcniversitesi Uygulamal\u0131 Bilimler Fak\u00fcltesi <strong>Lojistik Y\u00f6netimi B\u00f6l\u00fcm\u00fc<\/strong>&#8216;nde Doktor \u00d6\u011fretim \u00dcyesi olarak g\u00f6rev yapmaktay\u0131m. 2014 y\u0131l\u0131ndan bu yana <strong>\u00f6rg\u00fctsel davran\u0131\u015f<\/strong>, <strong>ihbarc\u0131l\u0131k (whistleblowing)<\/strong>, <strong>\u00f6rg\u00fctsel adalet<\/strong> ve <strong>ye\u015fil lojistik<\/strong> alanlar\u0131nda \u00f6zg\u00fcn ara\u015ft\u0131rmalar y\u00fcr\u00fctmekteyim. Uluslararas\u0131 hakemli dergilerde 15+ makale, 4 akademik kitap ve 20+ kongre bildirisiyle ulusal ve uluslararas\u0131 akademik camiada aktif bir ara\u015ft\u0131rmac\u0131y\u0131m.<\/p>\n\n\n<p>ORCID: <a href=\"https:\/\/orcid.org\/0000-0003-3260-7432\" target=\"_blank\" rel=\"noopener\"><strong>0000-0003-3260-7432<\/strong><\/a> \u00b7 <a href=\"https:\/\/scholar.google.com.tr\/citations?user=d5oh3YUAAAAJ\" target=\"_blank\" rel=\"noopener\"><strong>Google Scholar<\/strong><\/a> \u00b7 <a href=\"https:\/\/www.researchgate.net\/profile\/Makbule-Huermet-Cetinel\" target=\"_blank\" rel=\"noopener\"><strong>ResearchGate<\/strong><\/a> \u00b7 <a href=\"https:\/\/avesis.usak.edu.tr\/hurmet.cetinel\" target=\"_blank\" rel=\"noopener\"><strong>AVESIS<\/strong><\/a><\/p>\n\n\n<div class=\"wp-block-buttons is-layout-flex wp-block-buttons-is-layout-flex\"><div class=\"wp-block-button is-style-outline is-style-outline--2\"><a class=\"wp-block-button__link\" href=\"\/index.php\/hakkimda\/\">Tam Profil \u2192<\/a><\/div><\/div>\n\n<\/div>\n\n\n<div class=\"wp-block-column is-layout-flow wp-block-column-is-layout-flow\" style=\"flex-basis:40%\">\n\n<figure class=\"wp-block-table is-style-stripes\"><table><tbody>\n<tr><td><strong>Kurum<\/strong><\/td><td>U\u015fak \u00dcniversitesi<\/td><\/tr>\n<tr><td><strong>B\u00f6l\u00fcm<\/strong><\/td><td>Lojistik Y\u00f6netimi<\/td><\/tr>\n<tr><td><strong>E-posta<\/strong><\/td><td>hurmet.cetinel@usak.edu.tr<\/td><\/tr>\n<tr><td><strong>Doktora<\/strong><\/td><td>Mu\u011fla S\u0131tk\u0131 Ko\u00e7man \u00dc.<\/td><\/tr>\n<tr><td><strong>Makaleler<\/strong><\/td><td>15+ uluslararas\u0131<\/td><\/tr>\n<tr><td><strong>Kitaplar<\/strong><\/td><td>4 akademik kitap<\/td><\/tr>\n<tr><td><strong>Bildiriler<\/strong><\/td><td>20+ kongre bildirisi<\/td><\/tr>\n<\/tbody><\/table><\/figure>\n\n<\/div>\n\n<\/div>\n\n<hr class=\"wp-block-separator\"\/>\n\n<h2 id=\"arastirma-alanlari\" class=\"has-text-align-center wp-block-heading\">Ara\u015ft\u0131rma Alanlar\u0131<\/h2>\n\n\n<div class=\"wp-block-columns is-layout-flex wp-container-core-columns-is-layout-9d6595d7 wp-block-columns-is-layout-flex\">\n<div class=\"wp-block-column is-layout-flow wp-block-column-is-layout-flow\">\n<h4 id=\"ihbarcilik-whistleblowing\" class=\"wp-block-heading\">\u0130hbarc\u0131l\u0131k (Whistleblowing)<\/h4>\n<p>\u00c7al\u0131\u015fanlar\u0131n ki\u015filik \u00f6zellikleri ve \u00f6rg\u00fctsel adalet alg\u0131s\u0131n\u0131n ihbarc\u0131l\u0131k e\u011filimleri \u00fczerindeki rol\u00fc. Doktora tezinden ba\u015flayan temel ara\u015ft\u0131rma eksenimdir.<\/p>\n<\/div>\n<div class=\"wp-block-column is-layout-flow wp-block-column-is-layout-flow\">\n<h4 id=\"orgutsel-adalet-ve-etik\" class=\"wp-block-heading\">\u00d6rg\u00fctsel Adalet ve Etik<\/h4>\n<p>Adalet alg\u0131s\u0131n\u0131n \u00e7al\u0131\u015fan davran\u0131\u015flar\u0131 \u00fczerindeki etkileri; i\u015fe yabanc\u0131la\u015fma, intikamc\u0131 davran\u0131\u015f ve etik iklim ili\u015fkileri.<\/p>\n<\/div>\n<div class=\"wp-block-column is-layout-flow wp-block-column-is-layout-flow\">\n<h4 id=\"surdurulebilirlik-ve-yesil-lojistik\" class=\"wp-block-heading\">S\u00fcrd\u00fcr\u00fclebilirlik ve Ye\u015fil Lojistik<\/h4>\n<p>Ye\u015fil insan kaynaklar\u0131 y\u00f6netimi, \u00f6rg\u00fctsel s\u00fcrd\u00fcr\u00fclebilirlik ve yenilik\u00e7i davran\u0131\u015f ili\u015fkisi. SSCI Sustainability dergisi (2023).<\/p>\n<\/div>\n<div class=\"wp-block-column is-layout-flow wp-block-column-is-layout-flow\">\n<h4 id=\"girisimcilik-egilimi\" class=\"wp-block-heading\">Giri\u015fimcilik E\u011filimi<\/h4>\n<p>\u00dcniversite \u00f6\u011frencilerinde ki\u015filik \u00f6zellikleri ve demografik fakt\u00f6rlerin sosyal ve bireysel giri\u015fimcilik e\u011filimine etkisi.<\/p>\n<\/div>\n<\/div>\n\n<hr class=\"wp-block-separator\"\/>\n\n<h2 id=\"one-cikan-yayinlar\" class=\"has-text-align-center wp-block-heading\">\u00d6ne \u00c7\u0131kan Yay\u0131nlar<\/h2>\n\n\n<ul class=\"wp-block-list\">\n<li><strong>Kara E., Akbaba M., Yakut E., \u00c7etinel M. H.<\/strong> (2023). The Mediating Effect of Green Human Resources Management on Organizational Sustainability and Innovative Behavior. <em>Sustainability<\/em>. <strong>[SSCI]<\/strong><\/li>\n<li><strong>Kara E., \u00c7etinel M. H.<\/strong> (2023). Psychological Well-Being and Staff Empowerment in the Relationship Between Management Support and Employee Performance. <em>Sosyoekonomi<\/em>. <strong>[ESCI]<\/strong><\/li>\n<li><strong>Merdan E., \u00c7etinel M. H.<\/strong> (2023). Ethical Climate in the Effect of Work Alienation on Revengeful Behavior. <em>Asya Studies<\/em>.<\/li>\n<li><strong>\u00c7etinel M. H., Taslak S.<\/strong> (2019). Ki\u015filik \u00d6zellikleri, \u0130hbarc\u0131l\u0131k E\u011filimleri ve \u00d6rg\u00fctsel Adalet. <em>Int. Journal of Academic Value Studies<\/em>.<\/li>\n<\/ul>\n\n\n<div class=\"wp-block-buttons is-content-justification-center is-layout-flex wp-container-core-buttons-is-layout-16018d1d wp-block-buttons-is-layout-flex\"><div class=\"wp-block-button is-style-outline is-style-outline--3\"><a class=\"wp-block-button__link\" href=\"\/index.php\/makaleler\/\">T\u00fcm Makaleler \u2192<\/a><\/div><\/div>\n\n<hr class=\"wp-block-separator\"\/>\n\n<h2 id=\"kitaplar\" class=\"has-text-align-center wp-block-heading\">Kitaplar<\/h2>\n\n\n<div class=\"wp-block-columns is-layout-flex wp-container-core-columns-is-layout-9d6595d7 wp-block-columns-is-layout-flex\">\n<div class=\"wp-block-column is-layout-flow wp-block-column-is-layout-flow\"><p class=\"has-text-align-center\"><strong>COVID-19 S\u00fcrecinde \u0130\u015fletme Y\u00f6netimi<\/strong><br><em>\u0130KSAD Yay\u0131nevi, 2021<\/em><\/p><\/div>\n<div class=\"wp-block-column is-layout-flow wp-block-column-is-layout-flow\"><p class=\"has-text-align-center\"><strong>Halkla \u0130li\u015fkiler: Yeni E\u011filimler<\/strong><br><em>E\u011fitim Kitabevi, 2019<\/em><\/p><\/div>\n<div class=\"wp-block-column is-layout-flow wp-block-column-is-layout-flow\"><p class=\"has-text-align-center\"><strong>Giri\u015fimcilik: Temel ve Yeni Yakla\u015f\u0131mlar<\/strong><br><em>Nobel Akademik, 2019<\/em><\/p><\/div>\n<div class=\"wp-block-column is-layout-flow wp-block-column-is-layout-flow\"><p class=\"has-text-align-center\"><strong>Postmodern \u00d6rg\u00fctlerde Davran\u0131\u015fsal Konular<\/strong><br><em>Beta Yay\u0131nlar\u0131, 2016<\/em><\/p><\/div>\n<\/div>\n\n\n<div class=\"wp-block-buttons is-content-justification-center is-layout-flex wp-container-core-buttons-is-layout-16018d1d wp-block-buttons-is-layout-flex\"><div class=\"wp-block-button is-style-outline is-style-outline--4\"><a class=\"wp-block-button__link\" href=\"\/index.php\/kitaplar\/\">T\u00fcm Kitaplar \u2192<\/a><\/div><\/div>\n\n<hr class=\"wp-block-separator\"\/>\n\n<h2 id=\"iletisim\" class=\"has-text-align-center wp-block-heading\">\u0130leti\u015fim<\/h2>\n\n\n<div class=\"wp-block-columns is-layout-flex wp-container-core-columns-is-layout-9d6595d7 wp-block-columns-is-layout-flex\">\n<div class=\"wp-block-column is-layout-flow wp-block-column-is-layout-flow\" style=\"flex-basis:50%\">\n<p><strong>Dr. \u00d6\u011fr. \u00dcyesi Makbule H\u00fcrmet \u00c7etinel<\/strong><br>U\u015fak \u00dcniversitesi, Uygulamal\u0131 Bilimler Fak\u00fcltesi<br>Lojistik Y\u00f6netimi B\u00f6l\u00fcm\u00fc<br>Ankara \u0130zmir Yolu 8. Km, Bir Eyl\u00fcl Kamp\u00fcs\u00fc<br>Merkez \/ U\u015fak<\/p>\n<p><strong>E-posta:<\/strong> hurmet.cetinel@usak.edu.tr<\/p>\n<div class=\"wp-block-buttons is-layout-flex wp-block-buttons-is-layout-flex\"><div class=\"wp-block-button\"><a class=\"wp-block-button__link\" href=\"\/index.php\/iletisim-2\/\">\u0130leti\u015fim Formu \u2192<\/a><\/div><\/div>\n<\/div>\n<div class=\"wp-block-column is-layout-flow wp-block-column-is-layout-flow\" style=\"flex-basis:50%\">\n<p><strong>Akademik Profiller<\/strong><\/p>\n<ul class=\"wp-block-list\">\n<li><a href=\"https:\/\/orcid.org\/0000-0003-3260-7432\" target=\"_blank\" rel=\"noopener\"><strong>ORCID<\/strong><\/a> \u2014 0000-0003-3260-7432<\/li>\n<li><a href=\"https:\/\/scholar.google.com.tr\/citations?user=d5oh3YUAAAAJ\" target=\"_blank\" rel=\"noopener\"><strong>Google Scholar<\/strong><\/a><\/li>\n<li><a href=\"https:\/\/www.researchgate.net\/profile\/Makbule-Huermet-Cetinel\" target=\"_blank\" rel=\"noopener\"><strong>ResearchGate<\/strong><\/a><\/li>\n<li><a href=\"https:\/\/avesis.usak.edu.tr\/hurmet.cetinel\" target=\"_blank\" rel=\"noopener\"><strong>AVESIS<\/strong><\/a><\/li>\n<li><a href=\"https:\/\/dergipark.org.tr\/tr\/pub\/@mhurmetcetinel\" target=\"_blank\" rel=\"noopener\"><strong>DergiPark<\/strong><\/a><\/li>\n<\/ul>\n<\/div>\n<\/div>\n","protected":false},"excerpt":{"rendered":"Dr. \u00d6\u011fr. \u00dcyesi Makbule H\u00fcrmet \u00c7etinel U\u015fak \u00dcniversitesi \u00b7 Uygulamal\u0131 Bilimler Fak\u00fcltesi \u00b7 Lojistik Y\u00f6netimi B\u00f6l\u00fcm\u00fc \u00d6rg\u00fctsel Davran\u0131\u015f&hellip;\n","protected":false},"author":1,"featured_media":0,"parent":0,"menu_order":0,"comment_status":"closed","ping_status":"closed","template":"","meta":{"_monsterinsights_skip_tracking":false,"_monsterinsights_sitenote_active":false,"_monsterinsights_sitenote_note":"","_monsterinsights_sitenote_category":0,"footnotes":""},"class_list":["post-2331","page","type-page","status-publish"],"aioseo_notices":[],"_links":{"self":[{"href":"https:\/\/mhurmetcetinel.com\/index.php\/wp-json\/wp\/v2\/pages\/2331","targetHints":{"allow":["GET"]}}],"collection":[{"href":"https:\/\/mhurmetcetinel.com\/index.php\/wp-json\/wp\/v2\/pages"}],"about":[{"href":"https:\/\/mhurmetcetinel.com\/index.php\/wp-json\/wp\/v2\/types\/page"}],"author":[{"embeddable":true,"href":"https:\/\/mhurmetcetinel.com\/index.php\/wp-json\/wp\/v2\/users\/1"}],"replies":[{"embeddable":true,"href":"https:\/\/mhurmetcetinel.com\/index.php\/wp-json\/wp\/v2\/comments?post=2331"}],"version-history":[{"count":0,"href":"https:\/\/mhurmetcetinel.com\/index.php\/wp-json\/wp\/v2\/pages\/2331\/revisions"}],"wp:attachment":[{"href":"https:\/\/mhurmetcetinel.com\/index.php\/wp-json\/wp\/v2\/media?parent=2331"}],"curies":[{"name":"wp","href":"https:\/\/api.w.org\/{rel}","templated":true}]}}