{"id":2350,"date":"2026-03-19T14:16:54","date_gmt":"2026-03-19T11:16:54","guid":{"rendered":"https:\/\/mhurmetcetinel.com\/index.php\/anasayfa-6\/"},"modified":"2026-03-19T14:16:54","modified_gmt":"2026-03-19T11:16:54","slug":"anasayfa-6","status":"publish","type":"page","link":"https:\/\/mhurmetcetinel.com\/index.php\/anasayfa-6\/","title":{"rendered":"Ana Sayfa"},"content":{"rendered":"\n<h1 id=\"dr-ogr-uyesi-makbule-hurmet-cetinel\" class=\"has-text-align-center wp-block-heading\">Dr. \u00d6\u011fr. \u00dcyesi Makbule H\u00fcrmet \u00c7etinel<\/h1>\n\n\n<p class=\"has-text-align-center\"><strong>U\u015fak \u00dcniversitesi<\/strong> \u00b7 Uygulamal\u0131 Bilimler Fak\u00fcltesi \u00b7 Lojistik Y\u00f6netimi B\u00f6l\u00fcm\u00fc<\/p>\n\n\n<p class=\"has-text-align-center\">\u00d6rg\u00fctsel Davran\u0131\u015f &nbsp;\u00b7&nbsp; \u0130hbarc\u0131l\u0131k &nbsp;\u00b7&nbsp; \u00d6rg\u00fctsel Adalet &nbsp;\u00b7&nbsp; Ye\u015fil \u0130KY &nbsp;\u00b7&nbsp; Giri\u015fimcilik<\/p>\n\n\n<div class=\"wp-block-buttons is-content-justification-center is-layout-flex wp-container-core-buttons-is-layout-16018d1d wp-block-buttons-is-layout-flex\">\n\n<div class=\"wp-block-button\"><a class=\"wp-block-button__link\" href=\"\/hakkimda\/\">Hakk\u0131mda<\/a><\/div>\n\n\n<div class=\"wp-block-button is-style-outline is-style-outline--1\"><a class=\"wp-block-button__link\" href=\"\/iletisim-2\/\">\u0130leti\u015fime Ge\u00e7<\/a><\/div>\n\n<\/div>\n\n\n<hr class=\"wp-block-separator\"\/>\n\n\n<h2 id=\"arastirma-alanlarim\" class=\"has-text-align-center wp-block-heading\">Ara\u015ft\u0131rma Alanlar\u0131m<\/h2>\n\n\n<div class=\"wp-block-columns is-layout-flex wp-container-core-columns-is-layout-9d6595d7 wp-block-columns-is-layout-flex\">\n\n<div class=\"wp-block-column is-layout-flow wp-block-column-is-layout-flow\">\n\n<h3 id=\"ihbarcilik\" class=\"wp-block-heading\">\u0130hbarc\u0131l\u0131k<\/h3>\n\n\n<p>Ki\u015filik \u00f6zellikleri, \u00f6rg\u00fctsel adalet alg\u0131s\u0131 ve ihbarc\u0131l\u0131k e\u011filimleri aras\u0131ndaki ili\u015fkiler. Doktora tezimin ve temel ara\u015ft\u0131rma g\u00fcndemimin odak noktas\u0131.<\/p>\n\n<\/div>\n\n\n<div class=\"wp-block-column is-layout-flow wp-block-column-is-layout-flow\">\n\n<h3 id=\"orgutsel-adalet\" class=\"wp-block-heading\">\u00d6rg\u00fctsel Adalet<\/h3>\n\n\n<p>Da\u011f\u0131t\u0131m, prosed\u00fcrel ve etkile\u015fim adaleti boyutlar\u0131n\u0131n \u00e7al\u0131\u015fan tutum ve davran\u0131\u015flar\u0131 \u00fczerindeki arac\u0131 etkileri.<\/p>\n\n<\/div>\n\n\n<div class=\"wp-block-column is-layout-flow wp-block-column-is-layout-flow\">\n\n<h3 id=\"yesil-iky\" class=\"wp-block-heading\">Ye\u015fil \u0130KY<\/h3>\n\n\n<p>S\u00fcrd\u00fcr\u00fclebilir \u0130KY uygulamalar\u0131n\u0131n \u00f6rg\u00fctsel yenilik\u00e7i davran\u0131\u015f \u00fczerine etkisi. <em>Sustainability<\/em> (SSCI) dergisinde yay\u0131mlanm\u0131\u015f ara\u015ft\u0131rma.<\/p>\n\n<\/div>\n\n\n<div class=\"wp-block-column is-layout-flow wp-block-column-is-layout-flow\">\n\n<h3 id=\"girisimcilik\" class=\"wp-block-heading\">Giri\u015fimcilik<\/h3>\n\n\n<p>\u00dcniversite \u00f6\u011frencilerinde demografik fakt\u00f6rler ve sosyal giri\u015fimcilik e\u011filimi aras\u0131ndaki ili\u015fkiler.<\/p>\n\n<\/div>\n\n<\/div>\n\n\n<hr class=\"wp-block-separator\"\/>\n\n\n<h2 id=\"one-cikan-yayinlar\" class=\"has-text-align-center wp-block-heading\">\u00d6ne \u00c7\u0131kan Yay\u0131nlar<\/h2>\n\n\n<ul class=\"wp-block-list\">\n<li><strong>Kara E., Akbaba M., Yakut E., \u00c7etinel M. H., Pasl\u0131 M. M.<\/strong> (2023). The Mediating Effect of Green Human Resources Management on the Relationship between Organizational Sustainability and Innovative Behavior. <em>Sustainability<\/em>, 15(3). <strong>[SCI-Expanded, SSCI, Scopus]<\/strong><\/li>\n<li><strong>Kara E., \u00c7etinel M. H.<\/strong> (2023). Determining the Intermediate Role of Psychological Well-Being and Staff Empowerment in the Relationship Between Management Support and Employee Performance. <em>Sosyoekonomi<\/em>, 31(56), 109\u2013128. <strong>[ESCI, TRDizin]<\/strong><\/li>\n<li><strong>Merdan E., \u00c7etinel M. H.<\/strong> (2023). Examining the Mediator Role of Ethical Climate in the Effect of Work Alienation on Revengeful Behavior. <em>ASYA Studies<\/em>, 7(25), 189\u2013202.<\/li>\n<li><strong>\u00c7etinel M. H., Taslak S.<\/strong> (2019). Ki\u015filik \u00d6zellikleri \u0130le \u0130hbarc\u0131l\u0131k E\u011filimleri Aras\u0131ndaki \u0130li\u015fkide \u00d6rg\u00fctsel Adaletin Arac\u0131l\u0131k Rol\u00fc. <em>Int. Journal of Academic Value Studies<\/em>, 5(1), 46\u201372.<\/li>\n<\/ul>\n\n\n<div class=\"wp-block-buttons is-content-justification-center is-layout-flex wp-container-core-buttons-is-layout-16018d1d wp-block-buttons-is-layout-flex\">\n\n<div class=\"wp-block-button is-style-outline is-style-outline--2\"><a class=\"wp-block-button__link\" href=\"\/makaleler\/\">T\u00fcm Yay\u0131nlar\u0131 G\u00f6r\u00fcnt\u00fcle<\/a><\/div>\n\n<\/div>\n\n\n<hr class=\"wp-block-separator\"\/>\n\n\n<h2 id=\"son-yazilar\" class=\"has-text-align-center wp-block-heading\">Son Yaz\u0131lar<\/h2>\n\n<ul class=\"wp-block-latest-posts__list has-dates wp-block-latest-posts\"><li><a class=\"wp-block-latest-posts__post-title\" href=\"https:\/\/mhurmetcetinel.com\/index.php\/2026\/03\/19\/pandemi-akademik-motivasyon-universite-ogrencileri\/\">Pandemi D\u00f6neminde \u00dcniversite \u00d6\u011frencilerinin Akademik Motivasyonu: Ne De\u011fi\u015fti?<\/a><time datetime=\"2026-03-19T11:06:06+03:00\" class=\"wp-block-latest-posts__post-date\">19 March 2026<\/time><\/li>\n<li><a class=\"wp-block-latest-posts__post-title\" href=\"https:\/\/mhurmetcetinel.com\/index.php\/2026\/03\/19\/girisimcilik-egilimi-universite-ogrencileri\/\">\u00dcniversite \u00d6\u011frencilerinde Giri\u015fimcilik E\u011filimi: Demografik Fakt\u00f6rler Ne Kadar Belirleyici?<\/a><time datetime=\"2026-03-19T11:05:10+03:00\" class=\"wp-block-latest-posts__post-date\">19 March 2026<\/time><\/li>\n<li><a class=\"wp-block-latest-posts__post-title\" href=\"https:\/\/mhurmetcetinel.com\/index.php\/2026\/03\/19\/yesil-insan-kaynaklari-yonetimi-surdurulebilirlik\/\">Ye\u015fil \u0130nsan Kaynaklar\u0131 Y\u00f6netimi: S\u00fcrd\u00fcr\u00fclebilirli\u011fin \u0130nsan Boyutu<\/a><time datetime=\"2026-03-19T11:04:19+03:00\" class=\"wp-block-latest-posts__post-date\">19 March 2026<\/time><\/li>\n<\/ul>\n\n<div class=\"wp-block-buttons is-content-justification-center is-layout-flex wp-container-core-buttons-is-layout-16018d1d wp-block-buttons-is-layout-flex\">\n\n<div class=\"wp-block-button is-style-outline is-style-outline--3\"><a class=\"wp-block-button__link\" href=\"\/blog\/\">T\u00fcm Yaz\u0131lar<\/a><\/div>\n\n<\/div>\n\n\n<hr class=\"wp-block-separator\"\/>\n\n\n<h2 id=\"akademik-profiller\" class=\"has-text-align-center wp-block-heading\">Akademik Profiller<\/h2>\n\n\n<p class=\"has-text-align-center\">\n<a href=\"https:\/\/avesis.usak.edu.tr\/hurmet.cetinel\" target=\"_blank\" rel=\"noopener\"><strong>AVESIS<\/strong><\/a> &nbsp;|&nbsp;\n<a href=\"https:\/\/scholar.google.com.tr\/citations?user=d5oh3YUAAAAJ\" target=\"_blank\" rel=\"noopener\"><strong>Google Scholar<\/strong><\/a> &nbsp;|&nbsp;\n<a href=\"https:\/\/www.researchgate.net\/profile\/Makbule-Huermet-Cetinel\" target=\"_blank\" rel=\"noopener\"><strong>ResearchGate<\/strong><\/a> &nbsp;|&nbsp;\n<a href=\"https:\/\/orcid.org\/0000-0003-3260-7432\" target=\"_blank\" rel=\"noopener\"><strong>ORCID<\/strong><\/a> &nbsp;|&nbsp;\n<a href=\"https:\/\/akbis.usak.edu.tr\/Home\/Index\/hurmet.cetinel\" target=\"_blank\" rel=\"noopener\"><strong>AKBIS<\/strong><\/a>\n<\/p>\n\n\n<hr class=\"wp-block-separator\"\/>\n\n\n<h2 id=\"iletisim\" class=\"has-text-align-center wp-block-heading\">\u0130leti\u015fim<\/h2>\n\n\n<p class=\"has-text-align-center\">Akademik i\u015f birli\u011fi ve ara\u015ft\u0131rma projeleri i\u00e7in:<br><a href=\"mailto:hurmet.cetinel@usak.edu.tr\"><strong>hurmet.cetinel@usak.edu.tr<\/strong><\/a><\/p>\n\n\n<div class=\"wp-block-buttons is-content-justification-center is-layout-flex wp-container-core-buttons-is-layout-16018d1d wp-block-buttons-is-layout-flex\">\n\n<div class=\"wp-block-button\"><a class=\"wp-block-button__link\" href=\"\/iletisim-2\/\">\u0130leti\u015fim Formu<\/a><\/div>\n\n<\/div>\n","protected":false},"excerpt":{"rendered":"Dr. \u00d6\u011fr. \u00dcyesi Makbule H\u00fcrmet \u00c7etinel U\u015fak \u00dcniversitesi \u00b7 Uygulamal\u0131 Bilimler Fak\u00fcltesi \u00b7 Lojistik Y\u00f6netimi B\u00f6l\u00fcm\u00fc \u00d6rg\u00fctsel Davran\u0131\u015f&hellip;\n","protected":false},"author":1,"featured_media":0,"parent":0,"menu_order":0,"comment_status":"closed","ping_status":"closed","template":"","meta":{"_monsterinsights_skip_tracking":false,"_monsterinsights_sitenote_active":false,"_monsterinsights_sitenote_note":"","_monsterinsights_sitenote_category":0,"footnotes":""},"class_list":["post-2350","page","type-page","status-publish"],"aioseo_notices":[],"_links":{"self":[{"href":"https:\/\/mhurmetcetinel.com\/index.php\/wp-json\/wp\/v2\/pages\/2350","targetHints":{"allow":["GET"]}}],"collection":[{"href":"https:\/\/mhurmetcetinel.com\/index.php\/wp-json\/wp\/v2\/pages"}],"about":[{"href":"https:\/\/mhurmetcetinel.com\/index.php\/wp-json\/wp\/v2\/types\/page"}],"author":[{"embeddable":true,"href":"https:\/\/mhurmetcetinel.com\/index.php\/wp-json\/wp\/v2\/users\/1"}],"replies":[{"embeddable":true,"href":"https:\/\/mhurmetcetinel.com\/index.php\/wp-json\/wp\/v2\/comments?post=2350"}],"version-history":[{"count":0,"href":"https:\/\/mhurmetcetinel.com\/index.php\/wp-json\/wp\/v2\/pages\/2350\/revisions"}],"wp:attachment":[{"href":"https:\/\/mhurmetcetinel.com\/index.php\/wp-json\/wp\/v2\/media?parent=2350"}],"curies":[{"name":"wp","href":"https:\/\/api.w.org\/{rel}","templated":true}]}}